{"id":175,"date":"2024-06-15T10:25:20","date_gmt":"2024-06-15T08:25:20","guid":{"rendered":"https:\/\/laboratoirecesar.fr\/?page_id=175"},"modified":"2024-06-21T19:40:50","modified_gmt":"2024-06-21T17:40:50","slug":"adjointe","status":"publish","type":"page","link":"https:\/\/laboratoirecesar.fr\/?page_id=175","title":{"rendered":"Adjointe"},"content":{"rendered":"\t\t<div data-elementor-type=\"wp-page\" data-elementor-id=\"175\" class=\"elementor elementor-175\" data-elementor-post-type=\"page\">\n\t\t\t\t<div class=\"elementor-element elementor-element-38705fc8 e-flex e-con-boxed e-con e-parent\" data-id=\"38705fc8\" data-element_type=\"container\">\n\t\t\t\t\t<div class=\"e-con-inner\">\n\t\t\t\t<div class=\"elementor-element elementor-element-17fffdaf elementor-invisible elementor-widget elementor-widget-text-editor\" data-id=\"17fffdaf\" data-element_type=\"widget\" data-settings=\"{&quot;motion_fx_motion_fx_scrolling&quot;:&quot;yes&quot;,&quot;motion_fx_range&quot;:&quot;viewport&quot;,&quot;motion_fx_motion_fx_mouse&quot;:&quot;yes&quot;,&quot;_animation&quot;:&quot;fadeInDown&quot;,&quot;motion_fx_devices&quot;:[&quot;desktop&quot;,&quot;tablet&quot;,&quot;mobile&quot;]}\" data-widget_type=\"text-editor.default\">\n\t\t\t\t<div class=\"elementor-widget-container\">\n\t\t\t<style>\/*! elementor - v3.22.0 - 17-06-2024 *\/\n.elementor-widget-text-editor.elementor-drop-cap-view-stacked .elementor-drop-cap{background-color:#69727d;color:#fff}.elementor-widget-text-editor.elementor-drop-cap-view-framed .elementor-drop-cap{color:#69727d;border:3px solid;background-color:transparent}.elementor-widget-text-editor:not(.elementor-drop-cap-view-default) .elementor-drop-cap{margin-top:8px}.elementor-widget-text-editor:not(.elementor-drop-cap-view-default) .elementor-drop-cap-letter{width:1em;height:1em}.elementor-widget-text-editor .elementor-drop-cap{float:left;text-align:center;line-height:1;font-size:50px}.elementor-widget-text-editor .elementor-drop-cap-letter{display:inline-block}<\/style>\t\t\t\t<!-- wp:paragraph -->\n<h1 style=\"text-align: center;\">Adjointe<\/h1>\n<p style=\"text-align: center;\">Nos proth\u00e9sistes dentaire sont sp\u00e9cialis\u00e9s en adjointe. <br \/>Plusieurs formation sont effectu\u00e9es tout au long de l\u2019ann\u00e9e dans le quel nos proth\u00e9sistes se perfectionnent.<\/p>\n<!-- \/wp:paragraph --><!-- wp:media-text {\"mediaId\":262,\"mediaLink\":\"https:\/\/laboratoirecesar.fr\/?attachment_id=262\",\"mediaType\":\"image\"} -->\n<div class=\"wp-block-media-text is-stacked-on-mobile\">\n<figure class=\"wp-block-media-text__media\"><img fetchpriority=\"high\" decoding=\"async\" class=\"alignnone wp-image-262 size-full\" src=\"http:\/\/laboratoirecesar.fr\/wp-content\/uploads\/2024\/06\/Adjoointe-2.png\" alt=\"\" width=\"666\" height=\"665\" srcset=\"https:\/\/laboratoirecesar.fr\/wp-content\/uploads\/2024\/06\/Adjoointe-2.png 666w, https:\/\/laboratoirecesar.fr\/wp-content\/uploads\/2024\/06\/Adjoointe-2-300x300.png 300w, https:\/\/laboratoirecesar.fr\/wp-content\/uploads\/2024\/06\/Adjoointe-2-150x150.png 150w, https:\/\/laboratoirecesar.fr\/wp-content\/uploads\/2024\/06\/Adjoointe-2-100x100.png 100w\" sizes=\"(max-width: 666px) 100vw, 666px\" \/><\/figure>\n<div class=\"wp-block-media-text__content\"><!-- wp:list -->\n<ul><!-- wp:list-item -->\n<li>Complet Bi-max<\/li>\n<!-- \/wp:list-item --><!-- wp:list-item -->\n<li>Stellite<\/li>\n<!-- \/wp:list-item --><!-- wp:list-item -->\n<li>Appareil transitoires<\/li>\n<!-- \/wp:list-item --><!-- wp:list-item -->\n<li>PEI \/ Cire d&rsquo;occlusion<\/li>\n<!-- \/wp:list-item --><!-- wp:list-item -->\n<li>R\u00e9paration<\/li>\n<!-- \/wp:list-item --><!-- wp:list-item -->\n<li>Autres &#8230;<\/li>\n<!-- \/wp:list-item --><\/ul>\n<!-- \/wp:list --><\/div>\n<\/div>\n<!-- \/wp:media-text -->\t\t\t\t\t\t<\/div>\n\t\t\t\t<\/div>\n\t\t\t\t\t<\/div>\n\t\t\t\t<\/div>\n\t\t\t\t<\/div>\n\t\t","protected":false},"excerpt":{"rendered":"<p>Adjointe Nos proth\u00e9sistes dentaire sont sp\u00e9cialis\u00e9s en adjointe. Plusieurs formation sont effectu\u00e9es tout au long de l\u2019ann\u00e9e dans le quel nos proth\u00e9sistes se perfectionnent.<\/p>\n","protected":false},"author":2,"featured_media":0,"parent":0,"menu_order":0,"comment_status":"closed","ping_status":"closed","template":"elementor_header_footer","meta":{"_glsr_average":0,"_glsr_ranking":0,"_glsr_reviews":0,"footnotes":""},"class_list":["post-175","page","type-page","status-publish","hentry"],"_links":{"self":[{"href":"https:\/\/laboratoirecesar.fr\/index.php?rest_route=\/wp\/v2\/pages\/175","targetHints":{"allow":["GET"]}}],"collection":[{"href":"https:\/\/laboratoirecesar.fr\/index.php?rest_route=\/wp\/v2\/pages"}],"about":[{"href":"https:\/\/laboratoirecesar.fr\/index.php?rest_route=\/wp\/v2\/types\/page"}],"author":[{"embeddable":true,"href":"https:\/\/laboratoirecesar.fr\/index.php?rest_route=\/wp\/v2\/users\/2"}],"replies":[{"embeddable":true,"href":"https:\/\/laboratoirecesar.fr\/index.php?rest_route=%2Fwp%2Fv2%2Fcomments&post=175"}],"version-history":[{"count":15,"href":"https:\/\/laboratoirecesar.fr\/index.php?rest_route=\/wp\/v2\/pages\/175\/revisions"}],"predecessor-version":[{"id":611,"href":"https:\/\/laboratoirecesar.fr\/index.php?rest_route=\/wp\/v2\/pages\/175\/revisions\/611"}],"wp:attachment":[{"href":"https:\/\/laboratoirecesar.fr\/index.php?rest_route=%2Fwp%2Fv2%2Fmedia&parent=175"}],"curies":[{"name":"wp","href":"https:\/\/api.w.org\/{rel}","templated":true}]}}